{"id":4429,"date":"2021-02-04T04:54:36","date_gmt":"2021-02-04T04:54:36","guid":{"rendered":"https:\/\/avsec360.tiptoplms.com\/blog\/"},"modified":"2022-05-24T21:39:06","modified_gmt":"2022-05-24T21:39:06","slug":"blog","status":"publish","type":"page","link":"https:\/\/avsec360.tiptoplms.com\/en\/blog\/","title":{"rendered":"Blog"},"content":{"rendered":"\t\t<div data-elementor-type=\"wp-page\" data-elementor-id=\"4429\" class=\"elementor elementor-4429 elementor-890\" data-elementor-post-type=\"page\">\n\t\t\t\t\t\t<section class=\"elementor-section elementor-top-section elementor-element elementor-element-2c87235 elementor-section-boxed elementor-section-height-default elementor-section-height-default\" data-id=\"2c87235\" data-element_type=\"section\" data-e-type=\"section\">\n\t\t\t\t\t\t<div class=\"elementor-container elementor-column-gap-default\">\n\t\t\t\t\t<div class=\"elementor-column elementor-col-100 elementor-top-column elementor-element elementor-element-3504bee\" data-id=\"3504bee\" data-element_type=\"column\" data-e-type=\"column\">\n\t\t\t<div class=\"elementor-widget-wrap elementor-element-populated\">\n\t\t\t\t\t\t<div class=\"elementor-element elementor-element-90f4351 elementor-widget-divider--view-line elementor-widget elementor-widget-divider\" data-id=\"90f4351\" data-element_type=\"widget\" data-e-type=\"widget\" data-widget_type=\"divider.default\">\n\t\t\t\t<div class=\"elementor-widget-container\">\n\t\t\t\t\t\t\t<div class=\"elementor-divider\">\n\t\t\t<span class=\"elementor-divider-separator\">\n\t\t\t\t\t\t<\/span>\n\t\t<\/div>\n\t\t\t\t\t\t<\/div>\n\t\t\t\t<\/div>\n\t\t\t\t\t<\/div>\n\t\t<\/div>\n\t\t\t\t\t<\/div>\n\t\t<\/section>\n\t\t\t\t<section class=\"elementor-section elementor-top-section elementor-element elementor-element-54cfb8a elementor-section-boxed elementor-section-height-default elementor-section-height-default\" data-id=\"54cfb8a\" data-element_type=\"section\" data-e-type=\"section\">\n\t\t\t\t\t\t<div class=\"elementor-container elementor-column-gap-default\">\n\t\t\t\t\t<div class=\"elementor-column elementor-col-100 elementor-top-column elementor-element elementor-element-ec31205\" data-id=\"ec31205\" data-element_type=\"column\" data-e-type=\"column\">\n\t\t\t<div class=\"elementor-widget-wrap elementor-element-populated\">\n\t\t\t\t\t\t<div class=\"elementor-element elementor-element-e8cc78a elementor-widget elementor-widget-text-editor\" data-id=\"e8cc78a\" data-element_type=\"widget\" data-e-type=\"widget\" data-widget_type=\"text-editor.default\">\n\t\t\t\t<div class=\"elementor-widget-container\">\n\t\t\t\t\t\t\t\t\tYou are in: <a href=\"https:\/\/avsec360.tiptoplms.com\/en\/\">Home<\/a> &gt; Blog\t\t\t\t\t\t\t\t<\/div>\n\t\t\t\t<\/div>\n\t\t\t\t\t<\/div>\n\t\t<\/div>\n\t\t\t\t\t<\/div>\n\t\t<\/section>\n\t\t\t\t<section class=\"elementor-section elementor-top-section elementor-element elementor-element-6d4d02b elementor-section-boxed elementor-section-height-default elementor-section-height-default\" data-id=\"6d4d02b\" data-element_type=\"section\" data-e-type=\"section\">\n\t\t\t\t\t\t<div class=\"elementor-container elementor-column-gap-default\">\n\t\t\t\t\t<div class=\"elementor-column elementor-col-100 elementor-top-column elementor-element elementor-element-fded96c\" data-id=\"fded96c\" data-element_type=\"column\" data-e-type=\"column\">\n\t\t\t<div class=\"elementor-widget-wrap elementor-element-populated\">\n\t\t\t\t\t\t<div class=\"elementor-element elementor-element-c6ed348 elementor-widget elementor-widget-heading\" data-id=\"c6ed348\" data-element_type=\"widget\" data-e-type=\"widget\" data-widget_type=\"heading.default\">\n\t\t\t\t<div class=\"elementor-widget-container\">\n\t\t\t\t\t<h1 class=\"elementor-heading-title elementor-size-default\">Air security blog.<\/h1>\t\t\t\t<\/div>\n\t\t\t\t<\/div>\n\t\t\t\t<div class=\"elementor-element elementor-element-c0aed96 uael-equal__height-yes uael-posts-thumbnail-ratio elementor-widget elementor-widget-uael-posts\" data-id=\"c0aed96\" data-element_type=\"widget\" data-e-type=\"widget\" data-settings=\"{&quot;classic_slides_to_show&quot;:1,&quot;classic_slides_to_show_tablet&quot;:2,&quot;classic_slides_to_show_mobile&quot;:1}\" data-widget_type=\"uael-posts.classic\">\n\t\t\t\t<div class=\"elementor-widget-container\">\n\t\t\t\t\t\t\t<div class=\"uael-post__header\">\n\t\t\t\t\t<\/div>\n\t\t<div class=\"uael-post__body\">\n\t\t\t\n\t\t\n\t\t<div class=\"uael-blog-terms-position- uael-post-image-top uael-post-grid uael-posts uael-post_structure-featured uael-featured_post_structure-inline\" data-query-type=\"custom\" data-structure=\"featured\" data-layout=\"\" data-page=\"4429\" data-skin=\"classic\" data-filter-default=\"\" data-offset-top=\"30\" >\n\n\t\t\t\t\t\t\t<div class=\"uael-post-grid__inner uael-post__columns-1 uael-post__columns-tablet-2 uael-post__columns-mobile-1\">\n\t\t\t\n<div class=\"uael-post-wrapper  uael-post-wrapper-featured seg uncategorized \">\n\t<div class=\"uael-post__bg-wrap uael-bg-wrap-disabled \">\n\n\t\t\t\t\n\t\t<div class=\"uael-post__inner-wrap uael-inner-wrap-disabled\">\n\n\t\t\t\t<div class=\"uael-post__thumbnail\">\n\t\t\t\n\t\t\t<a href=\"https:\/\/avsec360.tiptoplms.com\/en\/the-role-of-women-in-aviation-security\/\" target=\"_self\" title=\"The Role of Women in Aviation Security\"><img fetchpriority=\"high\" decoding=\"async\" width=\"1680\" height=\"600\" src=\"https:\/\/avsec360.tiptoplms.com\/wp-content\/uploads\/2022\/03\/MUJER-FONDO-NUBES-e1741431093644.png\" class=\"attachment-full size-full wp-image-6174\" alt=\"\" srcset=\"https:\/\/avsec360.tiptoplms.com\/wp-content\/uploads\/2022\/03\/MUJER-FONDO-NUBES-e1741431093644.png 1680w, https:\/\/avsec360.tiptoplms.com\/wp-content\/uploads\/2022\/03\/MUJER-FONDO-NUBES-e1741431093644-600x214.png 600w, https:\/\/avsec360.tiptoplms.com\/wp-content\/uploads\/2022\/03\/MUJER-FONDO-NUBES-e1741431093644-64x23.png 64w\" sizes=\"(max-width: 1680px) 100vw, 1680px\" \/><\/a>\n\t\t\t\t\t<\/div>\n\t\t\n\t\t\t\n\t\t\t<div class=\"uael-post__content-wrap uael-content-wrap-disabled\">\n\t\t\t\t\t<h3 class=\"uael-post__title\">\n\n\t\t\n\t\t\t\t\t\t<a href=\"https:\/\/avsec360.tiptoplms.com\/en\/the-role-of-women-in-aviation-security\/\" target=\"_self\">\n\t\t\t\tThe Role of Women in Aviation Security\t\t\t<\/a>\n\n\t\t\t\t<\/h3>\n\t\t\t\t<div class=\"uael-post__excerpt\">\n\t\t\t<p>8M, International Women&#8217;s Day, is a date that invites us to reflect on the progress made in the fight for gender equality and to recognize &#8230;<\/p>\n\t\t<\/div>\n\t\t\t\t\t<a class=\"uael-post__read-more elementor-button\" href=\"https:\/\/avsec360.tiptoplms.com\/en\/the-role-of-women-in-aviation-security\/\" target=\"_self\" aria-labelledby=\"uael-post-6755\">\n\t\t\t\t\t<span class=\"elementor-button-content-wrapper\">\n\t\t\t\t\t\t\t\t\t\t\t\t\t\t<span class=\"elementor-button-icon elementor-align-icon-left\">\n\n\t\t\t\t\t\t\t\t\t\n\t\t\t\t\t\t\t\t<\/span>\n\t\t\t\t\t\t\t\t\t\t\t\t\t\n\t\t\t\t\t\t<span class=\"elementor-button-text\" id=uael-post-6755>Read more<\/span>\n\t\t\t\t\t<\/span>\n\t\t\t\t<\/a>\n\t\t\t\t\t\t<\/div>\n\t\t\t\n\t\t<\/div>\n\t\t\n\t<\/div>\n\n<\/div>\n\t\t\t\t<\/div>\n\t\t\t\t\t\t\n\t\t<\/div>\n\n\t\t\t\t\t\t<\/div>\n\t\t<div class=\"uael-post__footer\">\n\t\t\t\t\t<\/div>\n\t\t\t\t\t\t<\/div>\n\t\t\t\t<\/div>\n\t\t\t\t<div class=\"elementor-element elementor-element-1bb1330 uael-equal__height-yes uael-posts-thumbnail-ratio elementor-widget elementor-widget-uael-posts\" data-id=\"1bb1330\" data-element_type=\"widget\" data-e-type=\"widget\" data-settings=\"{&quot;classic_slides_to_show&quot;:3,&quot;classic_slides_to_show_tablet&quot;:2,&quot;classic_slides_to_show_mobile&quot;:1,&quot;classic_show_filters&quot;:&quot;no&quot;}\" data-widget_type=\"uael-posts.classic\">\n\t\t\t\t<div class=\"elementor-widget-container\">\n\t\t\t\t\t\t\t<div class=\"uael-post__header\">\n\t\t\t\t\t<\/div>\n\t\t<div class=\"uael-post__body\">\n\t\t\t\n\t\t\n\t\t<div class=\"uael-blog-terms-position- uael-post-image-top uael-post-grid uael-posts\" data-query-type=\"custom\" data-structure=\"normal\" data-layout=\"\" data-page=\"4429\" data-skin=\"classic\" data-filter-default=\"\" data-offset-top=\"30\" >\n\n\t\t\t\t\t\t\t<div class=\"uael-post-grid__inner uael-post__columns-3 uael-post__columns-tablet-2 uael-post__columns-mobile-1 uael-post-infinite-scroll uael-post-infinite__event-click\">\n\t\t\t\n<div class=\"uael-post-wrapper   seg uncategorized \">\n\t<div class=\"uael-post__bg-wrap uael-bg-wrap-disabled \">\n\n\t\t\t\t\n\t\t<div class=\"uael-post__inner-wrap uael-inner-wrap-disabled\">\n\n\t\t\t\t<div class=\"uael-post__thumbnail\">\n\t\t\t\n\t\t\t<a href=\"https:\/\/avsec360.tiptoplms.com\/en\/the-role-of-women-in-aviation-security\/\" target=\"_self\" title=\"The Role of Women in Aviation Security\"><img fetchpriority=\"high\" decoding=\"async\" width=\"1680\" height=\"600\" src=\"https:\/\/avsec360.tiptoplms.com\/wp-content\/uploads\/2022\/03\/MUJER-FONDO-NUBES-e1741431093644.png\" class=\"attachment-full size-full wp-image-6174\" alt=\"\" srcset=\"https:\/\/avsec360.tiptoplms.com\/wp-content\/uploads\/2022\/03\/MUJER-FONDO-NUBES-e1741431093644.png 1680w, https:\/\/avsec360.tiptoplms.com\/wp-content\/uploads\/2022\/03\/MUJER-FONDO-NUBES-e1741431093644-600x214.png 600w, https:\/\/avsec360.tiptoplms.com\/wp-content\/uploads\/2022\/03\/MUJER-FONDO-NUBES-e1741431093644-64x23.png 64w\" sizes=\"(max-width: 1680px) 100vw, 1680px\" \/><\/a>\n\t\t\t\t\t<\/div>\n\t\t\n\t\t\t\n\t\t\t<div class=\"uael-post__content-wrap uael-content-wrap-disabled\">\n\t\t\t\t\t<h3 class=\"uael-post__title\">\n\n\t\t\n\t\t\t\t\t\t<a href=\"https:\/\/avsec360.tiptoplms.com\/en\/the-role-of-women-in-aviation-security\/\" target=\"_self\">\n\t\t\t\tThe Role of Women in Aviation Security\t\t\t<\/a>\n\n\t\t\t\t<\/h3>\n\t\t\n\t\t<div class=\"uael-post__excerpt\">\n\t\t\t8M, International Women&#8217;s Day, is a date that invites us to reflect on the ...\t\t<\/div>\n\n\t\t\t\t\t<a class=\"uael-post__read-more elementor-button\" href=\"https:\/\/avsec360.tiptoplms.com\/en\/the-role-of-women-in-aviation-security\/\" target=\"_self\" aria-labelledby=\"uael-post-6755\">\n\t\t\t\t\t<span class=\"elementor-button-content-wrapper\">\n\t\t\t\t\t\t\t\t\t\t\t\t\t\t<span class=\"elementor-button-icon elementor-align-icon-left\">\n\n\t\t\t\t\t\t\t\t\t\n\t\t\t\t\t\t\t\t<\/span>\n\t\t\t\t\t\t\t\t\t\t\t\t\t\n\t\t\t\t\t\t<span class=\"elementor-button-text\" id=uael-post-6755>Read more<\/span>\n\t\t\t\t\t<\/span>\n\t\t\t\t<\/a>\n\t\t\t\t\t\t<\/div>\n\t\t\t\n\t\t<\/div>\n\t\t\n\t<\/div>\n\n<\/div>\n\n<div class=\"uael-post-wrapper   uncategorized \">\n\t<div class=\"uael-post__bg-wrap uael-bg-wrap-disabled \">\n\n\t\t\t\t\n\t\t<div class=\"uael-post__inner-wrap uael-inner-wrap-disabled\">\n\n\t\t\n\t\t\t\n\t\t\t<div class=\"uael-post__content-wrap uael-content-wrap-disabled\">\n\t\t\t\t\t<h3 class=\"uael-post__title\">\n\n\t\t\n\t\t\t\t\t\t<a href=\"https:\/\/avsec360.tiptoplms.com\/en\/la-importancia-de-la-ciberseguridad-en-la-aviacion-protegiendo-el-cielo-tambien-en-el-ambito-digital\/\" target=\"_self\">\n\t\t\t\tLa importancia de la ciberseguridad en la aviaci\u00f3n: protegiendo el cielo tambi\u00e9n en el \u00e1mbito digital\t\t\t<\/a>\n\n\t\t\t\t<\/h3>\n\t\t\n\t\t<div class=\"uael-post__excerpt\">\n\t\t\tEn el sector de la aviaci\u00f3n, la seguridad siempre ha sido una prioridad indiscutible. ...\t\t<\/div>\n\n\t\t\t\t\t<a class=\"uael-post__read-more elementor-button\" href=\"https:\/\/avsec360.tiptoplms.com\/en\/la-importancia-de-la-ciberseguridad-en-la-aviacion-protegiendo-el-cielo-tambien-en-el-ambito-digital\/\" target=\"_self\" aria-labelledby=\"uael-post-6022\">\n\t\t\t\t\t<span class=\"elementor-button-content-wrapper\">\n\t\t\t\t\t\t\t\t\t\t\t\t\t\t<span class=\"elementor-button-icon elementor-align-icon-left\">\n\n\t\t\t\t\t\t\t\t\t\n\t\t\t\t\t\t\t\t<\/span>\n\t\t\t\t\t\t\t\t\t\t\t\t\t\n\t\t\t\t\t\t<span class=\"elementor-button-text\" id=uael-post-6022>Read more<\/span>\n\t\t\t\t\t<\/span>\n\t\t\t\t<\/a>\n\t\t\t\t\t\t<\/div>\n\t\t\t\n\t\t<\/div>\n\t\t\n\t<\/div>\n\n<\/div>\n\t\t\t\t<\/div>\n\t\t\t\t\t\t<div class=\"uael-post-inf-loader\">\n\t\t\t\t<div class=\"uael-post-loader-1\"><\/div>\n\t\t\t\t<div class=\"uael-post-loader-2\"><\/div>\n\t\t\t\t<div class=\"uael-post-loader-3\"><\/div>\n\t\t\t<\/div>\n\t\t\t\t\t\t\n\t\t<\/div>\n\n\t\t\t\t\t\t<\/div>\n\t\t<div class=\"uael-post__footer\">\n\t\t\t\t\t<\/div>\n\t\t\t\t\t\t<\/div>\n\t\t\t\t<\/div>\n\t\t\t\t\t<\/div>\n\t\t<\/div>\n\t\t\t\t\t<\/div>\n\t\t<\/section>\n\t\t\t\t<\/div>\n\t\t","protected":false},"excerpt":{"rendered":"<p>You are in: Home &gt; Blog Air security blog. Formaci\u00f3n AVSEC 11.2.6 &#8211; Para qu\u00e9 sirve y por qu\u00e9 es imprescindible \u00bfQuieres renovarte y reinventarte profesionalmente? \u00bfTe imaginas trabajar con miles de personas y decenas de aviones todos los d\u00edas? Las oportunidades laborales en aeropuertos son &#8230; Read more \u00bfQu\u00e9 significa AVSEC y por qu\u00e9 [&hellip;]<\/p>\n","protected":false},"author":18,"featured_media":0,"parent":0,"menu_order":0,"comment_status":"closed","ping_status":"closed","template":"","meta":{"_acf_changed":false,"site-sidebar-layout":"no-sidebar","site-content-layout":"page-builder","ast-site-content-layout":"full-width-container","site-content-style":"unboxed","site-sidebar-style":"unboxed","ast-global-header-display":"","ast-banner-title-visibility":"","ast-main-header-display":"","ast-hfb-above-header-display":"","ast-hfb-below-header-display":"","ast-hfb-mobile-header-display":"","site-post-title":"disabled","ast-breadcrumbs-content":"","ast-featured-img":"disabled","footer-sml-layout":"","ast-disable-related-posts":"","theme-transparent-header-meta":"default","adv-header-id-meta":"","stick-header-meta":"","header-above-stick-meta":"","header-main-stick-meta":"","header-below-stick-meta":"","astra-migrate-meta-layouts":"default","ast-page-background-enabled":"default","ast-page-background-meta":{"desktop":{"background-color":"","background-image":"","background-repeat":"repeat","background-position":"center center","background-size":"auto","background-attachment":"scroll","background-type":"","background-media":"","overlay-type":"","overlay-color":"","overlay-opacity":"","overlay-gradient":""},"tablet":{"background-color":"","background-image":"","background-repeat":"repeat","background-position":"center center","background-size":"auto","background-attachment":"scroll","background-type":"","background-media":"","overlay-type":"","overlay-color":"","overlay-opacity":"","overlay-gradient":""},"mobile":{"background-color":"","background-image":"","background-repeat":"repeat","background-position":"center center","background-size":"auto","background-attachment":"scroll","background-type":"","background-media":"","overlay-type":"","overlay-color":"","overlay-opacity":"","overlay-gradient":""}},"ast-content-background-meta":{"desktop":{"background-color":"var(--ast-global-color-5)","background-image":"","background-repeat":"repeat","background-position":"center center","background-size":"auto","background-attachment":"scroll","background-type":"","background-media":"","overlay-type":"","overlay-color":"","overlay-opacity":"","overlay-gradient":""},"tablet":{"background-color":"var(--ast-global-color-5)","background-image":"","background-repeat":"repeat","background-position":"center center","background-size":"auto","background-attachment":"scroll","background-type":"","background-media":"","overlay-type":"","overlay-color":"","overlay-opacity":"","overlay-gradient":""},"mobile":{"background-color":"var(--ast-global-color-5)","background-image":"","background-repeat":"repeat","background-position":"center center","background-size":"auto","background-attachment":"scroll","background-type":"","background-media":"","overlay-type":"","overlay-color":"","overlay-opacity":"","overlay-gradient":""}},"productId":0,"courseId":0,"footnotes":""},"class_list":["post-4429","page","type-page","status-publish","hentry"],"acf":[],"yoast_head":"<!-- This site is optimized with the Yoast SEO plugin v27.1.1 - https:\/\/yoast.com\/product\/yoast-seo-wordpress\/ -->\n<title>Blog - AVSEC360<\/title>\n<meta name=\"robots\" content=\"index, follow, max-snippet:-1, max-image-preview:large, max-video-preview:-1\" \/>\n<link rel=\"canonical\" href=\"https:\/\/avsec360.tiptoplms.com\/en\/blog\/\" \/>\n<meta property=\"og:locale\" content=\"en_US\" \/>\n<meta property=\"og:type\" content=\"article\" \/>\n<meta property=\"og:title\" content=\"Blog - AVSEC360\" \/>\n<meta property=\"og:description\" content=\"You are in: Home &gt; Blog Air security blog. Formaci\u00f3n AVSEC 11.2.6 &#8211; Para qu\u00e9 sirve y por qu\u00e9 es imprescindible \u00bfQuieres renovarte y reinventarte profesionalmente? \u00bfTe imaginas trabajar con miles de personas y decenas de aviones todos los d\u00edas? Las oportunidades laborales en aeropuertos son &#8230; Read more \u00bfQu\u00e9 significa AVSEC y por qu\u00e9 [&hellip;]\" \/>\n<meta property=\"og:url\" content=\"https:\/\/avsec360.tiptoplms.com\/en\/blog\/\" \/>\n<meta property=\"og:site_name\" content=\"AVSEC360\" \/>\n<meta property=\"article:modified_time\" content=\"2022-05-24T21:39:06+00:00\" \/>\n<meta property=\"og:image\" content=\"https:\/\/avsec360.tiptoplms.com\/wp-content\/uploads\/2022\/03\/certificado-11.2.jpg\" \/>\n<meta name=\"twitter:card\" content=\"summary_large_image\" \/>\n<meta name=\"twitter:label1\" content=\"Est. reading time\" \/>\n\t<meta name=\"twitter:data1\" content=\"1 minute\" \/>\n<script type=\"application\/ld+json\" class=\"yoast-schema-graph\">{\"@context\":\"https:\/\/schema.org\",\"@graph\":[{\"@type\":\"WebPage\",\"@id\":\"https:\/\/avsec360.tiptoplms.com\/en\/blog\/\",\"url\":\"https:\/\/avsec360.tiptoplms.com\/en\/blog\/\",\"name\":\"Blog - AVSEC360\",\"isPartOf\":{\"@id\":\"https:\/\/avsec360.tiptoplms.com\/en\/#website\"},\"primaryImageOfPage\":{\"@id\":\"https:\/\/avsec360.tiptoplms.com\/en\/blog\/#primaryimage\"},\"image\":{\"@id\":\"https:\/\/avsec360.tiptoplms.com\/en\/blog\/#primaryimage\"},\"thumbnailUrl\":\"https:\/\/avsec360.tiptoplms.com\/wp-content\/uploads\/2022\/03\/certificado-11.2.jpg\",\"datePublished\":\"2021-02-04T04:54:36+00:00\",\"dateModified\":\"2022-05-24T21:39:06+00:00\",\"breadcrumb\":{\"@id\":\"https:\/\/avsec360.tiptoplms.com\/en\/blog\/#breadcrumb\"},\"inLanguage\":\"en-US\",\"potentialAction\":[{\"@type\":\"ReadAction\",\"target\":[\"https:\/\/avsec360.tiptoplms.com\/en\/blog\/\"]}]},{\"@type\":\"ImageObject\",\"inLanguage\":\"en-US\",\"@id\":\"https:\/\/avsec360.tiptoplms.com\/en\/blog\/#primaryimage\",\"url\":\"https:\/\/avsec360.tiptoplms.com\/wp-content\/uploads\/2022\/03\/certificado-11.2.jpg\",\"contentUrl\":\"https:\/\/avsec360.tiptoplms.com\/wp-content\/uploads\/2022\/03\/certificado-11.2.jpg\"},{\"@type\":\"BreadcrumbList\",\"@id\":\"https:\/\/avsec360.tiptoplms.com\/en\/blog\/#breadcrumb\",\"itemListElement\":[{\"@type\":\"ListItem\",\"position\":1,\"name\":\"You are in: Home\",\"item\":\"https:\/\/avsec360.tiptoplms.com\/en\/\"},{\"@type\":\"ListItem\",\"position\":2,\"name\":\"Blog\"}]},{\"@type\":\"WebSite\",\"@id\":\"https:\/\/avsec360.tiptoplms.com\/en\/#website\",\"url\":\"https:\/\/avsec360.tiptoplms.com\/en\/\",\"name\":\"AVSEC360\",\"description\":\"Aviation Security\",\"publisher\":{\"@id\":\"https:\/\/avsec360.tiptoplms.com\/en\/#organization\"},\"potentialAction\":[{\"@type\":\"SearchAction\",\"target\":{\"@type\":\"EntryPoint\",\"urlTemplate\":\"https:\/\/avsec360.tiptoplms.com\/en\/?s={search_term_string}\"},\"query-input\":{\"@type\":\"PropertyValueSpecification\",\"valueRequired\":true,\"valueName\":\"search_term_string\"}}],\"inLanguage\":\"en-US\"},{\"@type\":\"Organization\",\"@id\":\"https:\/\/avsec360.tiptoplms.com\/en\/#organization\",\"name\":\"AVSEC360\",\"url\":\"https:\/\/avsec360.tiptoplms.com\/en\/\",\"logo\":{\"@type\":\"ImageObject\",\"inLanguage\":\"en-US\",\"@id\":\"https:\/\/avsec360.tiptoplms.com\/en\/#\/schema\/logo\/image\/\",\"url\":\"https:\/\/avsec360.tiptoplms.com\/wp-content\/uploads\/2022\/01\/LOGO-AVSEC-header.png\",\"contentUrl\":\"https:\/\/avsec360.tiptoplms.com\/wp-content\/uploads\/2022\/01\/LOGO-AVSEC-header.png\",\"width\":301,\"height\":45,\"caption\":\"AVSEC360\"},\"image\":{\"@id\":\"https:\/\/avsec360.tiptoplms.com\/en\/#\/schema\/logo\/image\/\"},\"sameAs\":[\"https:\/\/instagram.com\/avsec360\/\",\"https:\/\/es.linkedin.com\/in\/avsec360\/\"]}]}<\/script>\n<!-- \/ Yoast SEO plugin. -->","yoast_head_json":{"title":"Blog - AVSEC360","robots":{"index":"index","follow":"follow","max-snippet":"max-snippet:-1","max-image-preview":"max-image-preview:large","max-video-preview":"max-video-preview:-1"},"canonical":"https:\/\/avsec360.tiptoplms.com\/en\/blog\/","og_locale":"en_US","og_type":"article","og_title":"Blog - AVSEC360","og_description":"You are in: Home &gt; Blog Air security blog. Formaci\u00f3n AVSEC 11.2.6 &#8211; Para qu\u00e9 sirve y por qu\u00e9 es imprescindible \u00bfQuieres renovarte y reinventarte profesionalmente? \u00bfTe imaginas trabajar con miles de personas y decenas de aviones todos los d\u00edas? Las oportunidades laborales en aeropuertos son &#8230; Read more \u00bfQu\u00e9 significa AVSEC y por qu\u00e9 [&hellip;]","og_url":"https:\/\/avsec360.tiptoplms.com\/en\/blog\/","og_site_name":"AVSEC360","article_modified_time":"2022-05-24T21:39:06+00:00","og_image":[{"url":"https:\/\/avsec360.tiptoplms.com\/wp-content\/uploads\/2022\/03\/certificado-11.2.jpg","type":"","width":"","height":""}],"twitter_card":"summary_large_image","twitter_misc":{"Est. reading time":"1 minute"},"schema":{"@context":"https:\/\/schema.org","@graph":[{"@type":"WebPage","@id":"https:\/\/avsec360.tiptoplms.com\/en\/blog\/","url":"https:\/\/avsec360.tiptoplms.com\/en\/blog\/","name":"Blog - AVSEC360","isPartOf":{"@id":"https:\/\/avsec360.tiptoplms.com\/en\/#website"},"primaryImageOfPage":{"@id":"https:\/\/avsec360.tiptoplms.com\/en\/blog\/#primaryimage"},"image":{"@id":"https:\/\/avsec360.tiptoplms.com\/en\/blog\/#primaryimage"},"thumbnailUrl":"https:\/\/avsec360.tiptoplms.com\/wp-content\/uploads\/2022\/03\/certificado-11.2.jpg","datePublished":"2021-02-04T04:54:36+00:00","dateModified":"2022-05-24T21:39:06+00:00","breadcrumb":{"@id":"https:\/\/avsec360.tiptoplms.com\/en\/blog\/#breadcrumb"},"inLanguage":"en-US","potentialAction":[{"@type":"ReadAction","target":["https:\/\/avsec360.tiptoplms.com\/en\/blog\/"]}]},{"@type":"ImageObject","inLanguage":"en-US","@id":"https:\/\/avsec360.tiptoplms.com\/en\/blog\/#primaryimage","url":"https:\/\/avsec360.tiptoplms.com\/wp-content\/uploads\/2022\/03\/certificado-11.2.jpg","contentUrl":"https:\/\/avsec360.tiptoplms.com\/wp-content\/uploads\/2022\/03\/certificado-11.2.jpg"},{"@type":"BreadcrumbList","@id":"https:\/\/avsec360.tiptoplms.com\/en\/blog\/#breadcrumb","itemListElement":[{"@type":"ListItem","position":1,"name":"You are in: Home","item":"https:\/\/avsec360.tiptoplms.com\/en\/"},{"@type":"ListItem","position":2,"name":"Blog"}]},{"@type":"WebSite","@id":"https:\/\/avsec360.tiptoplms.com\/en\/#website","url":"https:\/\/avsec360.tiptoplms.com\/en\/","name":"AVSEC360","description":"Aviation Security","publisher":{"@id":"https:\/\/avsec360.tiptoplms.com\/en\/#organization"},"potentialAction":[{"@type":"SearchAction","target":{"@type":"EntryPoint","urlTemplate":"https:\/\/avsec360.tiptoplms.com\/en\/?s={search_term_string}"},"query-input":{"@type":"PropertyValueSpecification","valueRequired":true,"valueName":"search_term_string"}}],"inLanguage":"en-US"},{"@type":"Organization","@id":"https:\/\/avsec360.tiptoplms.com\/en\/#organization","name":"AVSEC360","url":"https:\/\/avsec360.tiptoplms.com\/en\/","logo":{"@type":"ImageObject","inLanguage":"en-US","@id":"https:\/\/avsec360.tiptoplms.com\/en\/#\/schema\/logo\/image\/","url":"https:\/\/avsec360.tiptoplms.com\/wp-content\/uploads\/2022\/01\/LOGO-AVSEC-header.png","contentUrl":"https:\/\/avsec360.tiptoplms.com\/wp-content\/uploads\/2022\/01\/LOGO-AVSEC-header.png","width":301,"height":45,"caption":"AVSEC360"},"image":{"@id":"https:\/\/avsec360.tiptoplms.com\/en\/#\/schema\/logo\/image\/"},"sameAs":["https:\/\/instagram.com\/avsec360\/","https:\/\/es.linkedin.com\/in\/avsec360\/"]}]}},"_links":{"self":[{"href":"https:\/\/avsec360.tiptoplms.com\/en\/wp-json\/wp\/v2\/pages\/4429","targetHints":{"allow":["GET"]}}],"collection":[{"href":"https:\/\/avsec360.tiptoplms.com\/en\/wp-json\/wp\/v2\/pages"}],"about":[{"href":"https:\/\/avsec360.tiptoplms.com\/en\/wp-json\/wp\/v2\/types\/page"}],"author":[{"embeddable":true,"href":"https:\/\/avsec360.tiptoplms.com\/en\/wp-json\/wp\/v2\/users\/18"}],"replies":[{"embeddable":true,"href":"https:\/\/avsec360.tiptoplms.com\/en\/wp-json\/wp\/v2\/comments?post=4429"}],"version-history":[{"count":1,"href":"https:\/\/avsec360.tiptoplms.com\/en\/wp-json\/wp\/v2\/pages\/4429\/revisions"}],"predecessor-version":[{"id":4430,"href":"https:\/\/avsec360.tiptoplms.com\/en\/wp-json\/wp\/v2\/pages\/4429\/revisions\/4430"}],"wp:attachment":[{"href":"https:\/\/avsec360.tiptoplms.com\/en\/wp-json\/wp\/v2\/media?parent=4429"}],"curies":[{"name":"wp","href":"https:\/\/api.w.org\/{rel}","templated":true}]}}